{"id":2565,"date":"2021-03-12T20:41:27","date_gmt":"2021-03-13T00:41:27","guid":{"rendered":"https:\/\/noveleducationgroup.com\/?page_id=2565"},"modified":"2024-10-01T11:07:34","modified_gmt":"2024-10-01T15:07:34","slug":"servicios","status":"publish","type":"page","link":"https:\/\/noveleducationgroup.com\/es\/servicios\/","title":{"rendered":"Servicios"},"content":{"rendered":"<div class=\"wpb-content-wrapper\"><p>[vc_row full_width=\u00bbstretch_row\u00bb css=\u00bb.vc_custom_1619818932116{margin-top: -70px !important;padding-top: 20px !important;padding-bottom: 20px !important;background: #213d4d url(https:\/\/noveleducation.wpengine.com\/wp-content\/uploads\/2021\/04\/01.-4.png?id=666) !important;}\u00bb][vc_column][vc_column_text]<\/p>\n<h1 style=\"text-align: center;\"><span style=\"color: #ffffff;\">Nuestros servicios<\/span><\/h1>\n<p>[\/vc_column_text][\/vc_column][\/vc_row][vc_row gap=\u00bb30&#8243; equal_height=\u00bbyes\u00bb content_placement=\u00bbmiddle\u00bb][vc_column width=\u00bb1\/2&#8243;][vc_column_text]<\/p>\n<p style=\"text-align: center; font-size: 99px; color: #c7c7c7; line-height: 110px;\">01.<\/p>\n<h2 style=\"text-align: center; color: #203c4c; font-size: 32px; line-height: 40px;\">Homeschooling<\/h2>\n<p>[\/vc_column_text][vc_column_text]<\/p>\n<p style=\"text-align: center;\">Novel Education Group ofrece programas de educaci\u00f3n de homeschooling con todo incluido para estudiantes de todas las edades y grados (K-12). Nuestros programas de servicio son completos lo que significa que todos los profesores, clases, planificaci\u00f3n, materiales y acreditaci\u00f3n est\u00e1n incluidos en una tarifa mensual. Ya sea que el objetivo sea ser aceptado en una universidad de primer nivel u obtener de manera eficiente un diploma totalmente acreditado, podemos ayudarlo. De hecho, la mejor manera de garantizar la m\u00e1s alta calidad acad\u00e9mica y el plan de acci\u00f3n m\u00e1s efectivo para la trayectoria educativa de su estudiante es dise\u00f1ar y guiar personalmente su experiencia educativa integral, desde la selecci\u00f3n de cursos hasta las actividades extracurriculares y los programas de enriquecimiento. Los estudiantes tienen una experiencia pr\u00e1ctica con sus cursos que incluyen materias obligatorias y optativas que pueden variar desde AP-C\u00e1lculo o Econom\u00eda, hasta guitarra, cursos culinarios y estudios de cine. Al graduarse, todos los estudiantes reciben diplomas de bachillerato acreditados y de buena reputaci\u00f3n, reconocidos en las mejores universidades, en los EE. UU. e internacionalmente.<\/p>\n<p>[\/vc_column_text][vc_btn title=\u00bbAprende m\u00e1s\u00bb style=\u00bbflat\u00bb color=\u00bbjuicy-pink\u00bb align=\u00bbcenter\u00bb link=\u00bburl:https%3A%2F%2Fnoveleducationgroup.com%2Fes%2Fservicios%2Fhomeschooling%2F|title:Homeschooling\u00bb][\/vc_column][vc_column width=\u00bb1\/2&#8243;][vc_single_image image=\u00bb619&#8243; img_size=\u00bblarge\u00bb alignment=\u00bbcenter\u00bb][\/vc_column][\/vc_row][vc_row gap=\u00bb30&#8243; equal_height=\u00bbyes\u00bb content_placement=\u00bbmiddle\u00bb][vc_column width=\u00bb1\/2&#8243; offset=\u00bbvc_hidden-sm vc_hidden-xs\u00bb][vc_single_image image=\u00bb634&#8243; img_size=\u00bblarge\u00bb alignment=\u00bbcenter\u00bb][\/vc_column][vc_column width=\u00bb1\/2&#8243;][vc_column_text]<\/p>\n<p style=\"text-align: center; font-size: 99px; color: #c7c7c7; line-height: 110px;\">02.<\/p>\n<p style=\"text-align: center; color: #203c4c; font-size: 32px; line-height: 40px;\">Tutor\u00eda privada, tutor\u00eda virtual y preparaci\u00f3n para ex\u00e1menes<\/p>\n<p>&nbsp;<\/p>\n<p style=\"text-align: center;\">Ofrecemos tutor\u00edas para asignaturas espec\u00edficas y optativas para todos los niveles de grado y materias, as\u00ed como preparaci\u00f3n para ex\u00e1menes estandarizados que incluyen el SAT, ACT, ISEE y otros. Nuestros tutores se basan en un enfoque personalizado dise\u00f1ado para satisfacer las necesidades de los estudiantes, generar confianza, brindar resultados y, \u00faltimamente, inspirarlos a amar lo que sea que quieran aprender. Nuestros tutores son expertos en sus respectivas materias, son cuidadosamente seleccionados y nos aseguramos de que sean compatibles con cada estudiante y estilo de aprendizaje individual. Nuestros tutores ayudan a los estudiantes a desarrollar las herramientas y habilidades necesarias para alcanzar sus metas y lograr el \u00e9xito a largo plazo. Las tarifas de tutor\u00eda se basan en horas.<\/p>\n<p>[\/vc_column_text][\/vc_column][vc_column offset=\u00bbvc_hidden-lg vc_hidden-md\u00bb][vc_single_image image=\u00bb634&#8243; img_size=\u00bblarge\u00bb alignment=\u00bbcenter\u00bb][\/vc_column][\/vc_row][vc_row gap=\u00bb30&#8243; equal_height=\u00bbyes\u00bb content_placement=\u00bbmiddle\u00bb][vc_column width=\u00bb1\/2&#8243;][vc_column_text]<\/p>\n<p style=\"text-align: center; font-size: 99px; color: #c7c7c7; line-height: 110px;\">03.<\/p>\n<p style=\"text-align: center; color: #203c4c; font-size: 32px; line-height: 40px;\">Curr\u00edculos personalizados y programas de enriquecimiento<\/p>\n<p style=\"text-align: center;\">Nuestros programas de enriquecimiento especiales son programas concentrados de 4 a 12 semanas que se adaptan a una disciplina espec\u00edfica y se ajustan a las metas de su estudiante. Los programas de enriquecimiento pueden ser espec\u00edficos para concentrarse en desarrollar ciertas habilidades o enfocarse en materias espec\u00edficas. Nuestro equipo interno de dise\u00f1o de curr\u00edculo trabaja con las familias para crear curr\u00edculos que tienen como objetivo trabajar en las habilidades acad\u00e9micas fundamentales (lectura, escritura, matem\u00e1ticas) mientras se centran en las pasiones o intereses del estudiante.<\/p>\n<p style=\"text-align: center;\">Tambi\u00e9n ofrecemos cursos complementarios acreditados en los EE. UU. para ayudar a cultivar los intereses de los estudiantes, los cuales pueden seguir persiguiendo en la universidad y m\u00e1s all\u00e1. Ya sea que los estudiantes est\u00e9n inscritos en homeschooling a tiempo completo, asistan a una escuela tradicional o a un internado privado, los cursos complementarios que ofrecemos incluyen cursos AP y de nivel de honores en materias y asignaturas que las escuelas pueden no ofrecer durante el a\u00f1o escolar. Ya sea que quieran mejorar su nota media, salir adelante o aprender m\u00e1s sobre un tema en particular, los cursos complementarios distinguen a los estudiantes. Estos se pueden tomar durante el verano o durante el a\u00f1o escolar. Tutor\u00eda privada, tutor\u00eda virtual y preparaci\u00f3n para ex\u00e1menes.<\/p>\n<p>[\/vc_column_text][\/vc_column][vc_column width=\u00bb1\/2&#8243;][vc_single_image image=\u00bb642&#8243; img_size=\u00bblarge\u00bb alignment=\u00bbcenter\u00bb][\/vc_column][\/vc_row][vc_row gap=\u00bb30&#8243; equal_height=\u00bbyes\u00bb content_placement=\u00bbmiddle\u00bb][vc_column width=\u00bb1\/2&#8243; offset=\u00bbvc_hidden-sm vc_hidden-xs\u00bb][vc_single_image image=\u00bb636&#8243; img_size=\u00bblarge\u00bb alignment=\u00bbcenter\u00bb][\/vc_column][vc_column width=\u00bb1\/2&#8243;][vc_column_text]<\/p>\n<p style=\"text-align: center; font-size: 99px; color: #c7c7c7; line-height: 110px;\">04.<\/p>\n<p style=\"text-align: center; color: #203c4c; font-size: 32px; line-height: 40px;\">Asesoramiento universitario y acad\u00e9mico<\/p>\n<p>&nbsp;<\/p>\n<p style=\"text-align: center;\">NLa asociaci\u00f3n de Novel con la empresa l\u00edder de consultor\u00eda universitaria, <a href=\"https:\/\/commandeducation.com\" target=\"_blank\" rel=\"noopener\">Command Education<\/a>, est\u00e1 dise\u00f1ada para brindar a los estudiantes una ventaja competitiva cuando est\u00e9n listos para hacer las inscripciones a la universidad y les permite comenzar el proceso de preparaci\u00f3n a cualquier edad. Con una tasa de aceptaci\u00f3n incomparable del 94 % y experiencia con las Ivy Leagues, Command y Novel fomentan la flexibilidad para que los estudiantes puedan explorar sus pasiones, incluso antes de su primer a\u00f1o de universidad, lo que les brinda una ventaja y los ayuda a destacar. Nuestros mentores, que son todos graduados de la Ivy League y est\u00e1n dentro de los 10 mejores estudiantes de su a\u00f1o, proveen una orientaci\u00f3n pr\u00e1ctica a los estudiantes y padres durante todo el proceso de solicitud a la universidad. El Paquete \u2018Roadmap\u2019 proporciona una gu\u00eda de solicitud integral: planificaci\u00f3n de cursos, orientaci\u00f3n acad\u00e9mica y extracurricular, cronogramas de preparaci\u00f3n para ex\u00e1menes, revisi\u00f3n de ensayos y curr\u00edculums, preparaci\u00f3n para entrevistas, recomendaciones y apoyo para pasant\u00edas, y estrategia de selecci\u00f3n de universidades. Nuestros servicios tambi\u00e9n incluyen solicitudes para escuelas primarias y secundarias privadas. Con todos los paquetes, proporcionamos a los estudiantes atenci\u00f3n individualizada para aliviar el estr\u00e9s, reforzar la confianza, maximizar los resultados y encontrar la mejor opci\u00f3n para que los estudiantes prosperen.<\/p>\n<p>[\/vc_column_text][\/vc_column][\/vc_row][vc_row full_width=\u00bbstretch_row_content\u00bb bg_type=\u00bbimage\u00bb parallax_style=\u00bbvcpb-vz-jquery\u00bb bg_image_new=\u00bbid^638|url^https:\/\/noveleducation.wpengine.com\/wp-content\/uploads\/2021\/04\/istockphoto-1209049772-612&#215;612-1.jpeg|caption^Happy black girl in wireless headphones studying online, using laptop and taking notes, cafe interior, copy space|alt^null|title^istockphoto-1209049772-612&#215;612|description^null\u00bb bg_image_repeat=\u00bbno-repeat\u00bb enable_overlay=\u00bbenable_overlay_value\u00bb overlay_color=\u00bbrgba(255,255,255,0.78)\u00bb css=\u00bb.vc_custom_1619814246851{padding-top: 120px !important;padding-bottom: 120px !important;}\u00bb][vc_column][vc_column_text]<\/p>\n<h2 style=\"text-align: center;\"><span style=\"color: #213d4d;\">\u00bfListos para empezar?<\/span><\/h2>\n<p>[\/vc_column_text][vc_btn title=\u00bbPrograma una consulta\u00bb style=\u00bbflat\u00bb shape=\u00bbround\u00bb color=\u00bbjuicy-pink\u00bb size=\u00bblg\u00bb align=\u00bbcenter\u00bb i_align=\u00bbright\u00bb i_icon_fontawesome=\u00bbfas fa-angle-right\u00bb add_icon=\u00bbtrue\u00bb link=\u00bburl:https%3A%2F%2Fnoveleducationgroup.com%2Fes%2Fconsulta-gratuita%2F|title:Contact\u00bb][\/vc_column][\/vc_row][vc_row][vc_column][vc_single_image image=\u00bb605&#8243; img_size=\u00bb500&#215;88&#8243; alignment=\u00bbcenter\u00bb onclick=\u00bbcustom_link\u00bb img_link_target=\u00bb_blank\u00bb link=\u00bbhttps:\/\/www.instagram.com\/noveleducationgroup\/\u00bb][\/vc_column][\/vc_row][vc_row css=\u00bb.vc_custom_1619724000113{padding-bottom: 25px !important;}\u00bb][vc_column width=\u00bb1\/6&#8243;][vc_single_image image=\u00bb602&#8243; img_size=\u00bb2000&#215;2000&#8243; alignment=\u00bbcenter\u00bb onclick=\u00bbcustom_link\u00bb img_link_target=\u00bb_blank\u00bb css_animation=\u00bbnone\u00bb link=\u00bbhttps:\/\/www.instagram.com\/p\/B-xJydzhLHU\/\u00bb][\/vc_column][vc_column width=\u00bb1\/6&#8243;][vc_single_image image=\u00bb601&#8243; img_size=\u00bb2000&#215;2000&#8243; alignment=\u00bbcenter\u00bb onclick=\u00bbcustom_link\u00bb img_link_target=\u00bb_blank\u00bb link=\u00bbhttps:\/\/www.instagram.com\/p\/CMKr9iShg1B\/\u00bb][\/vc_column][vc_column width=\u00bb1\/6&#8243;][vc_single_image image=\u00bb600&#8243; img_size=\u00bb2000&#215;2000&#8243; alignment=\u00bbcenter\u00bb onclick=\u00bbcustom_link\u00bb img_link_target=\u00bb_blank\u00bb link=\u00bbhttps:\/\/www.instagram.com\/p\/CHyLLlcB4Y9\/\u00bb][\/vc_column][vc_column width=\u00bb1\/6&#8243;][vc_single_image image=\u00bb599&#8243; img_size=\u00bb2000&#215;2000&#8243; alignment=\u00bbcenter\u00bb onclick=\u00bbcustom_link\u00bb img_link_target=\u00bb_blank\u00bb link=\u00bbhttps:\/\/www.instagram.com\/p\/CN255GihQG4\/\u00bb][\/vc_column][vc_column width=\u00bb1\/6&#8243;][vc_single_image image=\u00bb598&#8243; img_size=\u00bb2000&#215;2000&#8243; alignment=\u00bbcenter\u00bb onclick=\u00bbcustom_link\u00bb img_link_target=\u00bb_blank\u00bb link=\u00bbhttps:\/\/www.instagram.com\/p\/CNpz_tnBCG2\/\u00bb][\/vc_column][vc_column width=\u00bb1\/6&#8243;][vc_single_image image=\u00bb597&#8243; img_size=\u00bbmedium\u00bb alignment=\u00bbcenter\u00bb onclick=\u00bbcustom_link\u00bb img_link_target=\u00bb_blank\u00bb link=\u00bbhttps:\/\/www.instagram.com\/p\/COIvLUrh0PD\/\u00bb][\/vc_column][\/vc_row]<\/p>\n<\/div>","protected":false},"excerpt":{"rendered":"<p>[vc_row full_width=\u00bbstretch_row\u00bb css=\u00bb.vc_custom_1619818932116{margin-top: -70px !important;padding-top: 20px !important;padding-bottom: 20px !important;background: #213d4d url(https:\/\/noveleducation.wpengine.com\/wp-content\/uploads\/2021\/04\/01.-4.png?id=666) !important;}\u00bb][vc_column][vc_column_text] Nuestros servicios [\/vc_column_text][\/vc_column][\/vc_row][vc_row gap=\u00bb30&#8243; equal_height=\u00bbyes\u00bb content_placement=\u00bbmiddle\u00bb][vc_column width=\u00bb1\/2&#8243;][vc_column_text] 01. Homeschooling [\/vc_column_text][vc_column_text] Novel Education Group ofrece programas de educaci\u00f3n de homeschooling con todo incluido para estudiantes de todas las edades y grados (K-12). Nuestros programas de servicio son completos lo que significa que todos los&hellip;<\/p>\n","protected":false},"author":1,"featured_media":0,"parent":0,"menu_order":0,"comment_status":"closed","ping_status":"closed","template":"","meta":{"om_disable_all_campaigns":false,"_monsterinsights_skip_tracking":false,"_monsterinsights_sitenote_active":false,"_monsterinsights_sitenote_note":"","_monsterinsights_sitenote_category":0,"footnotes":""},"class_list":["post-2565","page","type-page","status-publish","hentry","description-off"],"yoast_head":"<!-- This site is optimized with the Yoast SEO Premium plugin v27.2 (Yoast SEO v27.2) - https:\/\/yoast.com\/product\/yoast-seo-premium-wordpress\/ -->\n<title>Servicios - Novel Education<\/title>\n<meta name=\"description\" content=\"Novel Education Group ofrece programas de educaci\u00f3n de homeschooling con todo incluido para estudiantes de todas las edades y grados (K-12).\" \/>\n<meta name=\"robots\" content=\"index, follow, max-snippet:-1, max-image-preview:large, max-video-preview:-1\" \/>\n<link rel=\"canonical\" href=\"https:\/\/noveleducationgroup.com\/es\/servicios\/\" \/>\n<meta property=\"og:locale\" content=\"es_ES\" \/>\n<meta property=\"og:type\" content=\"article\" \/>\n<meta property=\"og:title\" content=\"Servicios\" \/>\n<meta property=\"og:description\" content=\"Novel Education Group ofrece programas de educaci\u00f3n de homeschooling con todo incluido para estudiantes de todas las edades y grados (K-12).\" \/>\n<meta property=\"og:url\" content=\"https:\/\/noveleducationgroup.com\/es\/servicios\/\" \/>\n<meta property=\"og:site_name\" content=\"Novel Education\" \/>\n<meta property=\"article:modified_time\" content=\"2024-10-01T15:07:34+00:00\" \/>\n<meta name=\"twitter:card\" content=\"summary_large_image\" \/>\n<meta name=\"twitter:label1\" content=\"Tiempo de lectura\" \/>\n\t<meta name=\"twitter:data1\" content=\"4 minutos\" \/>\n<script type=\"application\/ld+json\" class=\"yoast-schema-graph\">{\"@context\":\"https:\/\/schema.org\",\"@graph\":[{\"@type\":\"WebPage\",\"@id\":\"https:\/\/noveleducationgroup.com\/es\/servicios\/\",\"url\":\"https:\/\/noveleducationgroup.com\/es\/servicios\/\",\"name\":\"Servicios - Novel Education\",\"isPartOf\":{\"@id\":\"https:\/\/noveleducationgroup.com\/#website\"},\"datePublished\":\"2021-03-13T00:41:27+00:00\",\"dateModified\":\"2024-10-01T15:07:34+00:00\",\"description\":\"Novel Education Group ofrece programas de educaci\u00f3n de homeschooling con todo incluido para estudiantes de todas las edades y grados (K-12).\",\"breadcrumb\":{\"@id\":\"https:\/\/noveleducationgroup.com\/es\/servicios\/#breadcrumb\"},\"inLanguage\":\"es\",\"potentialAction\":[{\"@type\":\"ReadAction\",\"target\":[\"https:\/\/noveleducationgroup.com\/es\/servicios\/\"]}]},{\"@type\":\"BreadcrumbList\",\"@id\":\"https:\/\/noveleducationgroup.com\/es\/servicios\/#breadcrumb\",\"itemListElement\":[{\"@type\":\"ListItem\",\"position\":1,\"name\":\"Home\",\"item\":\"https:\/\/noveleducationgroup.com\/es\/?page_id=4823\"},{\"@type\":\"ListItem\",\"position\":2,\"name\":\"Servicios\"}]},{\"@type\":\"WebSite\",\"@id\":\"https:\/\/noveleducationgroup.com\/#website\",\"url\":\"https:\/\/noveleducationgroup.com\/\",\"name\":\"Novel Education\",\"description\":\"Elite Private Tutoring in Los Angeles California\",\"potentialAction\":[{\"@type\":\"SearchAction\",\"target\":{\"@type\":\"EntryPoint\",\"urlTemplate\":\"https:\/\/noveleducationgroup.com\/?s={search_term_string}\"},\"query-input\":{\"@type\":\"PropertyValueSpecification\",\"valueRequired\":true,\"valueName\":\"search_term_string\"}}],\"inLanguage\":\"es\"}]}<\/script>\n<!-- \/ Yoast SEO Premium plugin. -->","yoast_head_json":{"title":"Servicios - Novel Education","description":"Novel Education Group ofrece programas de educaci\u00f3n de homeschooling con todo incluido para estudiantes de todas las edades y grados (K-12).","robots":{"index":"index","follow":"follow","max-snippet":"max-snippet:-1","max-image-preview":"max-image-preview:large","max-video-preview":"max-video-preview:-1"},"canonical":"https:\/\/noveleducationgroup.com\/es\/servicios\/","og_locale":"es_ES","og_type":"article","og_title":"Servicios","og_description":"Novel Education Group ofrece programas de educaci\u00f3n de homeschooling con todo incluido para estudiantes de todas las edades y grados (K-12).","og_url":"https:\/\/noveleducationgroup.com\/es\/servicios\/","og_site_name":"Novel Education","article_modified_time":"2024-10-01T15:07:34+00:00","twitter_card":"summary_large_image","twitter_misc":{"Tiempo de lectura":"4 minutos"},"schema":{"@context":"https:\/\/schema.org","@graph":[{"@type":"WebPage","@id":"https:\/\/noveleducationgroup.com\/es\/servicios\/","url":"https:\/\/noveleducationgroup.com\/es\/servicios\/","name":"Servicios - Novel Education","isPartOf":{"@id":"https:\/\/noveleducationgroup.com\/#website"},"datePublished":"2021-03-13T00:41:27+00:00","dateModified":"2024-10-01T15:07:34+00:00","description":"Novel Education Group ofrece programas de educaci\u00f3n de homeschooling con todo incluido para estudiantes de todas las edades y grados (K-12).","breadcrumb":{"@id":"https:\/\/noveleducationgroup.com\/es\/servicios\/#breadcrumb"},"inLanguage":"es","potentialAction":[{"@type":"ReadAction","target":["https:\/\/noveleducationgroup.com\/es\/servicios\/"]}]},{"@type":"BreadcrumbList","@id":"https:\/\/noveleducationgroup.com\/es\/servicios\/#breadcrumb","itemListElement":[{"@type":"ListItem","position":1,"name":"Home","item":"https:\/\/noveleducationgroup.com\/es\/?page_id=4823"},{"@type":"ListItem","position":2,"name":"Servicios"}]},{"@type":"WebSite","@id":"https:\/\/noveleducationgroup.com\/#website","url":"https:\/\/noveleducationgroup.com\/","name":"Novel Education","description":"Elite Private Tutoring in Los Angeles California","potentialAction":[{"@type":"SearchAction","target":{"@type":"EntryPoint","urlTemplate":"https:\/\/noveleducationgroup.com\/?s={search_term_string}"},"query-input":{"@type":"PropertyValueSpecification","valueRequired":true,"valueName":"search_term_string"}}],"inLanguage":"es"}]}},"featured_image_src":null,"featured_image_src_square":null,"_links":{"self":[{"href":"https:\/\/noveleducationgroup.com\/es\/wp-json\/wp\/v2\/pages\/2565","targetHints":{"allow":["GET"]}}],"collection":[{"href":"https:\/\/noveleducationgroup.com\/es\/wp-json\/wp\/v2\/pages"}],"about":[{"href":"https:\/\/noveleducationgroup.com\/es\/wp-json\/wp\/v2\/types\/page"}],"author":[{"embeddable":true,"href":"https:\/\/noveleducationgroup.com\/es\/wp-json\/wp\/v2\/users\/1"}],"replies":[{"embeddable":true,"href":"https:\/\/noveleducationgroup.com\/es\/wp-json\/wp\/v2\/comments?post=2565"}],"version-history":[{"count":0,"href":"https:\/\/noveleducationgroup.com\/es\/wp-json\/wp\/v2\/pages\/2565\/revisions"}],"wp:attachment":[{"href":"https:\/\/noveleducationgroup.com\/es\/wp-json\/wp\/v2\/media?parent=2565"}],"curies":[{"name":"wp","href":"https:\/\/api.w.org\/{rel}","templated":true}]}}